{"id":209,"date":"2020-03-10T12:25:17","date_gmt":"2020-03-10T12:25:17","guid":{"rendered":"https:\/\/orglekoper.si\/?page_id=209"},"modified":"2020-03-12T20:30:09","modified_gmt":"2020-03-12T20:30:09","slug":"hotline","status":"publish","type":"page","link":"https:\/\/orglekoper.si\/index.php\/hotline\/","title":{"rendered":"Projektna skupina"},"content":{"rendered":"\n<p><strong>Primo\u017e Kre\u010di\u010d<\/strong>, \u017eupnik<br><strong>Martin \u0160u\u0161tar<\/strong>, kolavdator in vodja Komisije za orgle \u0160kofije Koper<br><strong>Miran Bordon<\/strong>, vodenje projekta &#8211; koordinacija projektnih aktivnosti<br><strong>David Tomovski<\/strong>, vodenje projekta &#8211; podro\u010dje financ in komuniciranje z javnostmi<br><strong>Mirko Butkovi\u010d<\/strong>, podro\u010dje organologije<br><strong>Romeo Pal\u010di\u010d<\/strong>,  podro\u010dje spletnih medijev<br><strong>Klemen Omahen<\/strong>, podro\u010dje sodobnih tehnologij<br><\/p>\n\n\n\n<h2>Izvajalci<\/h2>\n\n\n\n<p><strong>Acma d.o.o.<\/strong> &#8211; projektiranje pevskega kora<br><strong>Zavod za varstvo kulturne dedi\u0161\u010dine Slovenije<\/strong> &#8211; Izdelava Konservatorskega na\u010drta<br><strong>Orglarstvo Bo\u0161tjan \u010cerne<\/strong> &#8211; Demonta\u017ea orgel Gaetana Callida<br><strong>Avgusta d.o.o. <\/strong>&#8211; izvedba preliminarnih in za\u0161\u010ditnih arheolo\u0161kih izkopavanj<br><strong>CRMA d.o.o.<\/strong> &#8211; konservatorska dela<br><strong>Orglarstvo Dvor\u0161ak d.o.o. Orglarska delavnica Maribor<\/strong> &#8211; postavitev orgel koprske stolnice<br><strong>Geoit d.o.o. <\/strong>&#8211; izgradnja pevskega kora<\/p>\n","protected":false},"excerpt":{"rendered":"<p>Primo\u017e Kre\u010di\u010d, \u017eupnikMartin \u0160u\u0161tar, kolavdator in vodja Komisije za orgle \u0160kofije KoperMiran Bordon, vodenje projekta &#8211; koordinacija projektnih aktivnostiDavid Tomovski, vodenje projekta &#8211; podro\u010dje financ in komuniciranje z javnostmiMirko Butkovi\u010d, podro\u010dje organologijeRomeo Pal\u010di\u010d, podro\u010dje spletnih medijevKlemen Omahen, podro\u010dje sodobnih tehnologij Izvajalci Acma d.o.o. &#8211; projektiranje pevskega koraZavod za varstvo kulturne dedi\u0161\u010dine Slovenije &#8211; Izdelava Konservatorskega &#8230; <a title=\"Projektna skupina\" class=\"read-more\" href=\"https:\/\/orglekoper.si\/index.php\/hotline\/\" aria-label=\"More on Projektna skupina\">Read more<\/a><\/p>\n","protected":false},"author":2,"featured_media":0,"parent":0,"menu_order":0,"comment_status":"closed","ping_status":"closed","template":"","meta":{"_mi_skip_tracking":false},"yoast_head":"<!-- This site is optimized with the Yoast SEO plugin v19.6.1 - https:\/\/yoast.com\/wordpress\/plugins\/seo\/ -->\n<title>Projektna skupina - Orgle koprske stolnice<\/title>\n<meta name=\"robots\" content=\"index, follow, max-snippet:-1, max-image-preview:large, max-video-preview:-1\" \/>\n<link rel=\"canonical\" href=\"https:\/\/orglekoper.si\/index.php\/hotline\/\" \/>\n<meta property=\"og:locale\" content=\"sl_SI\" \/>\n<meta property=\"og:type\" content=\"article\" \/>\n<meta property=\"og:title\" content=\"Projektna skupina - Orgle koprske stolnice\" \/>\n<meta property=\"og:description\" content=\"Primo\u017e Kre\u010di\u010d, \u017eupnikMartin \u0160u\u0161tar, kolavdator in vodja Komisije za orgle \u0160kofije KoperMiran Bordon, vodenje projekta &#8211; koordinacija projektnih aktivnostiDavid Tomovski, vodenje projekta &#8211; podro\u010dje financ in komuniciranje z javnostmiMirko Butkovi\u010d, podro\u010dje organologijeRomeo Pal\u010di\u010d, podro\u010dje spletnih medijevKlemen Omahen, podro\u010dje sodobnih tehnologij Izvajalci Acma d.o.o. &#8211; projektiranje pevskega koraZavod za varstvo kulturne dedi\u0161\u010dine Slovenije &#8211; Izdelava Konservatorskega ... Read more\" \/>\n<meta property=\"og:url\" content=\"https:\/\/orglekoper.si\/index.php\/hotline\/\" \/>\n<meta property=\"og:site_name\" content=\"Orgle koprske stolnice\" \/>\n<meta property=\"article:modified_time\" content=\"2020-03-12T20:30:09+00:00\" \/>\n<meta name=\"twitter:card\" content=\"summary_large_image\" \/>\n<meta name=\"twitter:label1\" content=\"Est. reading time\" \/>\n\t<meta name=\"twitter:data1\" content=\"1 minuta\" \/>\n<script type=\"application\/ld+json\" class=\"yoast-schema-graph\">{\"@context\":\"https:\/\/schema.org\",\"@graph\":[{\"@type\":\"WebPage\",\"@id\":\"https:\/\/orglekoper.si\/index.php\/hotline\/\",\"url\":\"https:\/\/orglekoper.si\/index.php\/hotline\/\",\"name\":\"Projektna skupina - Orgle koprske stolnice\",\"isPartOf\":{\"@id\":\"https:\/\/orglekoper.si\/#website\"},\"datePublished\":\"2020-03-10T12:25:17+00:00\",\"dateModified\":\"2020-03-12T20:30:09+00:00\",\"breadcrumb\":{\"@id\":\"https:\/\/orglekoper.si\/index.php\/hotline\/#breadcrumb\"},\"inLanguage\":\"sl-SI\",\"potentialAction\":[{\"@type\":\"ReadAction\",\"target\":[\"https:\/\/orglekoper.si\/index.php\/hotline\/\"]}]},{\"@type\":\"BreadcrumbList\",\"@id\":\"https:\/\/orglekoper.si\/index.php\/hotline\/#breadcrumb\",\"itemListElement\":[{\"@type\":\"ListItem\",\"position\":1,\"name\":\"Home\",\"item\":\"https:\/\/orglekoper.si\/\"},{\"@type\":\"ListItem\",\"position\":2,\"name\":\"Projektna skupina\"}]},{\"@type\":\"WebSite\",\"@id\":\"https:\/\/orglekoper.si\/#website\",\"url\":\"https:\/\/orglekoper.si\/\",\"name\":\"Orgle koprske stolnice\",\"description\":\"\",\"publisher\":{\"@id\":\"https:\/\/orglekoper.si\/#organization\"},\"potentialAction\":[{\"@type\":\"SearchAction\",\"target\":{\"@type\":\"EntryPoint\",\"urlTemplate\":\"https:\/\/orglekoper.si\/?s={search_term_string}\"},\"query-input\":\"required name=search_term_string\"}],\"inLanguage\":\"sl-SI\"},{\"@type\":\"Organization\",\"@id\":\"https:\/\/orglekoper.si\/#organization\",\"name\":\"Orgle koper\",\"url\":\"https:\/\/orglekoper.si\/\",\"sameAs\":[],\"logo\":{\"@type\":\"ImageObject\",\"inLanguage\":\"sl-SI\",\"@id\":\"https:\/\/orglekoper.si\/#\/schema\/logo\/image\/\",\"url\":\"https:\/\/orglekoper.si\/wp-content\/uploads\/2020\/03\/cropped-Screenshot_3-1.png\",\"contentUrl\":\"https:\/\/orglekoper.si\/wp-content\/uploads\/2020\/03\/cropped-Screenshot_3-1.png\",\"width\":377,\"height\":286,\"caption\":\"Orgle koper\"},\"image\":{\"@id\":\"https:\/\/orglekoper.si\/#\/schema\/logo\/image\/\"}}]}<\/script>\n<!-- \/ Yoast SEO plugin. -->","yoast_head_json":{"title":"Projektna skupina - Orgle koprske stolnice","robots":{"index":"index","follow":"follow","max-snippet":"max-snippet:-1","max-image-preview":"max-image-preview:large","max-video-preview":"max-video-preview:-1"},"canonical":"https:\/\/orglekoper.si\/index.php\/hotline\/","og_locale":"sl_SI","og_type":"article","og_title":"Projektna skupina - Orgle koprske stolnice","og_description":"Primo\u017e Kre\u010di\u010d, \u017eupnikMartin \u0160u\u0161tar, kolavdator in vodja Komisije za orgle \u0160kofije KoperMiran Bordon, vodenje projekta &#8211; koordinacija projektnih aktivnostiDavid Tomovski, vodenje projekta &#8211; podro\u010dje financ in komuniciranje z javnostmiMirko Butkovi\u010d, podro\u010dje organologijeRomeo Pal\u010di\u010d, podro\u010dje spletnih medijevKlemen Omahen, podro\u010dje sodobnih tehnologij Izvajalci Acma d.o.o. &#8211; projektiranje pevskega koraZavod za varstvo kulturne dedi\u0161\u010dine Slovenije &#8211; Izdelava Konservatorskega ... Read more","og_url":"https:\/\/orglekoper.si\/index.php\/hotline\/","og_site_name":"Orgle koprske stolnice","article_modified_time":"2020-03-12T20:30:09+00:00","twitter_card":"summary_large_image","twitter_misc":{"Est. reading time":"1 minuta"},"schema":{"@context":"https:\/\/schema.org","@graph":[{"@type":"WebPage","@id":"https:\/\/orglekoper.si\/index.php\/hotline\/","url":"https:\/\/orglekoper.si\/index.php\/hotline\/","name":"Projektna skupina - Orgle koprske stolnice","isPartOf":{"@id":"https:\/\/orglekoper.si\/#website"},"datePublished":"2020-03-10T12:25:17+00:00","dateModified":"2020-03-12T20:30:09+00:00","breadcrumb":{"@id":"https:\/\/orglekoper.si\/index.php\/hotline\/#breadcrumb"},"inLanguage":"sl-SI","potentialAction":[{"@type":"ReadAction","target":["https:\/\/orglekoper.si\/index.php\/hotline\/"]}]},{"@type":"BreadcrumbList","@id":"https:\/\/orglekoper.si\/index.php\/hotline\/#breadcrumb","itemListElement":[{"@type":"ListItem","position":1,"name":"Home","item":"https:\/\/orglekoper.si\/"},{"@type":"ListItem","position":2,"name":"Projektna skupina"}]},{"@type":"WebSite","@id":"https:\/\/orglekoper.si\/#website","url":"https:\/\/orglekoper.si\/","name":"Orgle koprske stolnice","description":"","publisher":{"@id":"https:\/\/orglekoper.si\/#organization"},"potentialAction":[{"@type":"SearchAction","target":{"@type":"EntryPoint","urlTemplate":"https:\/\/orglekoper.si\/?s={search_term_string}"},"query-input":"required name=search_term_string"}],"inLanguage":"sl-SI"},{"@type":"Organization","@id":"https:\/\/orglekoper.si\/#organization","name":"Orgle koper","url":"https:\/\/orglekoper.si\/","sameAs":[],"logo":{"@type":"ImageObject","inLanguage":"sl-SI","@id":"https:\/\/orglekoper.si\/#\/schema\/logo\/image\/","url":"https:\/\/orglekoper.si\/wp-content\/uploads\/2020\/03\/cropped-Screenshot_3-1.png","contentUrl":"https:\/\/orglekoper.si\/wp-content\/uploads\/2020\/03\/cropped-Screenshot_3-1.png","width":377,"height":286,"caption":"Orgle koper"},"image":{"@id":"https:\/\/orglekoper.si\/#\/schema\/logo\/image\/"}}]}},"amp_enabled":true,"_links":{"self":[{"href":"https:\/\/orglekoper.si\/index.php\/wp-json\/wp\/v2\/pages\/209"}],"collection":[{"href":"https:\/\/orglekoper.si\/index.php\/wp-json\/wp\/v2\/pages"}],"about":[{"href":"https:\/\/orglekoper.si\/index.php\/wp-json\/wp\/v2\/types\/page"}],"author":[{"embeddable":true,"href":"https:\/\/orglekoper.si\/index.php\/wp-json\/wp\/v2\/users\/2"}],"replies":[{"embeddable":true,"href":"https:\/\/orglekoper.si\/index.php\/wp-json\/wp\/v2\/comments?post=209"}],"version-history":[{"count":9,"href":"https:\/\/orglekoper.si\/index.php\/wp-json\/wp\/v2\/pages\/209\/revisions"}],"predecessor-version":[{"id":309,"href":"https:\/\/orglekoper.si\/index.php\/wp-json\/wp\/v2\/pages\/209\/revisions\/309"}],"wp:attachment":[{"href":"https:\/\/orglekoper.si\/index.php\/wp-json\/wp\/v2\/media?parent=209"}],"curies":[{"name":"wp","href":"https:\/\/api.w.org\/{rel}","templated":true}]}}