{"id":7,"date":"2020-03-04T15:51:07","date_gmt":"2020-03-04T15:51:07","guid":{"rendered":"https:\/\/orglekoper.si\/?page_id=7"},"modified":"2025-09-19T14:50:42","modified_gmt":"2025-09-19T14:50:42","slug":"o-orglah","status":"publish","type":"page","link":"https:\/\/orglekoper.si\/index.php\/o-orglah\/","title":{"rendered":"O orglah"},"content":{"rendered":"\n<p>\u017dupnija Koper je leta 2017 uspela s kandidaturo za dodelitev koncertnih orgel, za katere je Fundacija Kongresshaus iz Z\u00fcricha zaradi celovite obnove koncertne dvorane Tonhalle, iskala novo primerno domovanje. <\/p>\n\n\n\n<p>Velike 4 manualne simfoni\u010dne orgle, ki so najve\u010dje cerkvene orgle v Sloveniji, imajo 69 registrov. Leta 1988 sta jih izdelali nem\u0161ki orglarski delavnici Kleuker in Steinmeyer po na\u010drtih francoskega skladatelja, organista, pianista in pedagoga <a href=\"https:\/\/orglekoper.si\/wp-content\/uploads\/2021\/06\/Jean-Guillou.pdf\">Jeana Guilloja<\/a> (1930-2019), ki si je za izvedbo projekta osebno prizadeval, ga podpiral in sodeloval pri delu projektne skupine. <\/p>\n\n\n\n<p>Pomladi 2018 so se pri\u010dele pripravljalne aktivnosti, ki so jeseni 2019 pre\u0161le v izvedbeno fazo s pri\u010detkom izgradnje novega pevskega kora. 15. oktobra 2020 je Orglarska delavnica Maribor, Orgle Dvor\u0161ak d.o.o. pri\u010dela s postavljati orgle koprske stolnice, ki so bile blagoslovljene 6. novembra 2021. <\/p>\n\n\n\n<p>Na zemljevid pomembnih evropskih orgelskih mest in prizori\u0161\u010d so bil takrat zarisani Koper, Slovenija in koprska stolnica, v kateri bodo v naslednjih desetletjih doneli mogo\u010dni zvoki raznolikih orgelskih pi\u0161\u010dali pri liturgiji, na koncertih, mojstrskih te\u010dajih, poletnih \u0161olah in delavnicah, mednarodnih festivalih ter tekmovanjih. Nove orgle so prinesle \u0161tevilne prilo\u017enosti na podro\u010djih glasbenega izobra\u017eevanja in poustvarjanja, mednarodnega povezovanja, turizma ter predstavljanja kulturne dedi\u0161\u010dine. Od leta 2021 v koprski stolnici poteka jesenski Orgelski festival Koper, od leta 2024 pa se orgle ponovno pou\u010dujejo na Glasbeni \u0161oli Koper.<\/p>\n","protected":false},"excerpt":{"rendered":"<p>\u017dupnija Koper je leta 2017 uspela s kandidaturo za dodelitev koncertnih orgel, za katere je Fundacija Kongresshaus iz Z\u00fcricha zaradi celovite obnove koncertne dvorane Tonhalle, iskala novo primerno domovanje. Velike 4 manualne simfoni\u010dne orgle, ki so najve\u010dje cerkvene orgle v Sloveniji, imajo 69 registrov. Leta 1988 sta jih izdelali nem\u0161ki orglarski delavnici Kleuker in Steinmeyer &#8230; <a title=\"O orglah\" class=\"read-more\" href=\"https:\/\/orglekoper.si\/index.php\/o-orglah\/\" aria-label=\"More on O orglah\">Read more<\/a><\/p>\n","protected":false},"author":3,"featured_media":0,"parent":0,"menu_order":0,"comment_status":"closed","ping_status":"closed","template":"","meta":{"_mi_skip_tracking":false},"yoast_head":"<!-- This site is optimized with the Yoast SEO plugin v19.6.1 - https:\/\/yoast.com\/wordpress\/plugins\/seo\/ -->\n<title>O orglah - Orgle koprske stolnice<\/title>\n<meta name=\"robots\" content=\"index, follow, max-snippet:-1, max-image-preview:large, max-video-preview:-1\" \/>\n<link rel=\"canonical\" href=\"https:\/\/orglekoper.si\/index.php\/o-orglah\/\" \/>\n<meta property=\"og:locale\" content=\"sl_SI\" \/>\n<meta property=\"og:type\" content=\"article\" \/>\n<meta property=\"og:title\" content=\"O orglah - Orgle koprske stolnice\" \/>\n<meta property=\"og:description\" content=\"\u017dupnija Koper je leta 2017 uspela s kandidaturo za dodelitev koncertnih orgel, za katere je Fundacija Kongresshaus iz Z\u00fcricha zaradi celovite obnove koncertne dvorane Tonhalle, iskala novo primerno domovanje. Velike 4 manualne simfoni\u010dne orgle, ki so najve\u010dje cerkvene orgle v Sloveniji, imajo 69 registrov. Leta 1988 sta jih izdelali nem\u0161ki orglarski delavnici Kleuker in Steinmeyer ... Read more\" \/>\n<meta property=\"og:url\" content=\"https:\/\/orglekoper.si\/index.php\/o-orglah\/\" \/>\n<meta property=\"og:site_name\" content=\"Orgle koprske stolnice\" \/>\n<meta property=\"article:modified_time\" content=\"2025-09-19T14:50:42+00:00\" \/>\n<meta name=\"twitter:card\" content=\"summary_large_image\" \/>\n<meta name=\"twitter:label1\" content=\"Est. reading time\" \/>\n\t<meta name=\"twitter:data1\" content=\"2 minuti\" \/>\n<script type=\"application\/ld+json\" class=\"yoast-schema-graph\">{\"@context\":\"https:\/\/schema.org\",\"@graph\":[{\"@type\":\"WebPage\",\"@id\":\"https:\/\/orglekoper.si\/index.php\/o-orglah\/\",\"url\":\"https:\/\/orglekoper.si\/index.php\/o-orglah\/\",\"name\":\"O orglah - Orgle koprske stolnice\",\"isPartOf\":{\"@id\":\"https:\/\/orglekoper.si\/#website\"},\"datePublished\":\"2020-03-04T15:51:07+00:00\",\"dateModified\":\"2025-09-19T14:50:42+00:00\",\"breadcrumb\":{\"@id\":\"https:\/\/orglekoper.si\/index.php\/o-orglah\/#breadcrumb\"},\"inLanguage\":\"sl-SI\",\"potentialAction\":[{\"@type\":\"ReadAction\",\"target\":[\"https:\/\/orglekoper.si\/index.php\/o-orglah\/\"]}]},{\"@type\":\"BreadcrumbList\",\"@id\":\"https:\/\/orglekoper.si\/index.php\/o-orglah\/#breadcrumb\",\"itemListElement\":[{\"@type\":\"ListItem\",\"position\":1,\"name\":\"Home\",\"item\":\"https:\/\/orglekoper.si\/\"},{\"@type\":\"ListItem\",\"position\":2,\"name\":\"O orglah\"}]},{\"@type\":\"WebSite\",\"@id\":\"https:\/\/orglekoper.si\/#website\",\"url\":\"https:\/\/orglekoper.si\/\",\"name\":\"Orgle koprske stolnice\",\"description\":\"\",\"publisher\":{\"@id\":\"https:\/\/orglekoper.si\/#organization\"},\"potentialAction\":[{\"@type\":\"SearchAction\",\"target\":{\"@type\":\"EntryPoint\",\"urlTemplate\":\"https:\/\/orglekoper.si\/?s={search_term_string}\"},\"query-input\":\"required name=search_term_string\"}],\"inLanguage\":\"sl-SI\"},{\"@type\":\"Organization\",\"@id\":\"https:\/\/orglekoper.si\/#organization\",\"name\":\"Orgle koper\",\"url\":\"https:\/\/orglekoper.si\/\",\"sameAs\":[],\"logo\":{\"@type\":\"ImageObject\",\"inLanguage\":\"sl-SI\",\"@id\":\"https:\/\/orglekoper.si\/#\/schema\/logo\/image\/\",\"url\":\"https:\/\/orglekoper.si\/wp-content\/uploads\/2020\/03\/cropped-Screenshot_3-1.png\",\"contentUrl\":\"https:\/\/orglekoper.si\/wp-content\/uploads\/2020\/03\/cropped-Screenshot_3-1.png\",\"width\":377,\"height\":286,\"caption\":\"Orgle koper\"},\"image\":{\"@id\":\"https:\/\/orglekoper.si\/#\/schema\/logo\/image\/\"}}]}<\/script>\n<!-- \/ Yoast SEO plugin. -->","yoast_head_json":{"title":"O orglah - Orgle koprske stolnice","robots":{"index":"index","follow":"follow","max-snippet":"max-snippet:-1","max-image-preview":"max-image-preview:large","max-video-preview":"max-video-preview:-1"},"canonical":"https:\/\/orglekoper.si\/index.php\/o-orglah\/","og_locale":"sl_SI","og_type":"article","og_title":"O orglah - Orgle koprske stolnice","og_description":"\u017dupnija Koper je leta 2017 uspela s kandidaturo za dodelitev koncertnih orgel, za katere je Fundacija Kongresshaus iz Z\u00fcricha zaradi celovite obnove koncertne dvorane Tonhalle, iskala novo primerno domovanje. Velike 4 manualne simfoni\u010dne orgle, ki so najve\u010dje cerkvene orgle v Sloveniji, imajo 69 registrov. Leta 1988 sta jih izdelali nem\u0161ki orglarski delavnici Kleuker in Steinmeyer ... Read more","og_url":"https:\/\/orglekoper.si\/index.php\/o-orglah\/","og_site_name":"Orgle koprske stolnice","article_modified_time":"2025-09-19T14:50:42+00:00","twitter_card":"summary_large_image","twitter_misc":{"Est. reading time":"2 minuti"},"schema":{"@context":"https:\/\/schema.org","@graph":[{"@type":"WebPage","@id":"https:\/\/orglekoper.si\/index.php\/o-orglah\/","url":"https:\/\/orglekoper.si\/index.php\/o-orglah\/","name":"O orglah - Orgle koprske stolnice","isPartOf":{"@id":"https:\/\/orglekoper.si\/#website"},"datePublished":"2020-03-04T15:51:07+00:00","dateModified":"2025-09-19T14:50:42+00:00","breadcrumb":{"@id":"https:\/\/orglekoper.si\/index.php\/o-orglah\/#breadcrumb"},"inLanguage":"sl-SI","potentialAction":[{"@type":"ReadAction","target":["https:\/\/orglekoper.si\/index.php\/o-orglah\/"]}]},{"@type":"BreadcrumbList","@id":"https:\/\/orglekoper.si\/index.php\/o-orglah\/#breadcrumb","itemListElement":[{"@type":"ListItem","position":1,"name":"Home","item":"https:\/\/orglekoper.si\/"},{"@type":"ListItem","position":2,"name":"O orglah"}]},{"@type":"WebSite","@id":"https:\/\/orglekoper.si\/#website","url":"https:\/\/orglekoper.si\/","name":"Orgle koprske stolnice","description":"","publisher":{"@id":"https:\/\/orglekoper.si\/#organization"},"potentialAction":[{"@type":"SearchAction","target":{"@type":"EntryPoint","urlTemplate":"https:\/\/orglekoper.si\/?s={search_term_string}"},"query-input":"required name=search_term_string"}],"inLanguage":"sl-SI"},{"@type":"Organization","@id":"https:\/\/orglekoper.si\/#organization","name":"Orgle koper","url":"https:\/\/orglekoper.si\/","sameAs":[],"logo":{"@type":"ImageObject","inLanguage":"sl-SI","@id":"https:\/\/orglekoper.si\/#\/schema\/logo\/image\/","url":"https:\/\/orglekoper.si\/wp-content\/uploads\/2020\/03\/cropped-Screenshot_3-1.png","contentUrl":"https:\/\/orglekoper.si\/wp-content\/uploads\/2020\/03\/cropped-Screenshot_3-1.png","width":377,"height":286,"caption":"Orgle koper"},"image":{"@id":"https:\/\/orglekoper.si\/#\/schema\/logo\/image\/"}}]}},"amp_enabled":true,"_links":{"self":[{"href":"https:\/\/orglekoper.si\/index.php\/wp-json\/wp\/v2\/pages\/7"}],"collection":[{"href":"https:\/\/orglekoper.si\/index.php\/wp-json\/wp\/v2\/pages"}],"about":[{"href":"https:\/\/orglekoper.si\/index.php\/wp-json\/wp\/v2\/types\/page"}],"author":[{"embeddable":true,"href":"https:\/\/orglekoper.si\/index.php\/wp-json\/wp\/v2\/users\/3"}],"replies":[{"embeddable":true,"href":"https:\/\/orglekoper.si\/index.php\/wp-json\/wp\/v2\/comments?post=7"}],"version-history":[{"count":17,"href":"https:\/\/orglekoper.si\/index.php\/wp-json\/wp\/v2\/pages\/7\/revisions"}],"predecessor-version":[{"id":1021,"href":"https:\/\/orglekoper.si\/index.php\/wp-json\/wp\/v2\/pages\/7\/revisions\/1021"}],"wp:attachment":[{"href":"https:\/\/orglekoper.si\/index.php\/wp-json\/wp\/v2\/media?parent=7"}],"curies":[{"name":"wp","href":"https:\/\/api.w.org\/{rel}","templated":true}]}}